{"id":45,"date":"2017-01-16T17:24:39","date_gmt":"2017-01-16T16:24:39","guid":{"rendered":"http:\/\/www.butterfisch-werbeagentur.de\/_test\/wordpress_redprince\/?page_id=45"},"modified":"2017-01-16T17:24:39","modified_gmt":"2017-01-16T16:24:39","slug":"datenschutz","status":"publish","type":"page","link":"https:\/\/www.red-prince.de\/eng\/datenschutz\/","title":{"rendered":"Datenschutz"},"content":{"rendered":"<br \/>\n<h1 class=\"intro impressum\">Datenschutz<\/h1>\n<p>\n              Elbe-Obst nutzt \u00fcbermittelte personenbezogene Daten nur, um auf Ihre Anfragen zu antworten und um Ihnen Informationen \u00fcber unser Leistungsangebot zukommen zu lassen. Wir geben Ihre Daten nicht an Dritte weiter. Personenbezogene Daten, die Sie uns \u00fcbermitteln, werden nur so lange gespeichert wie sie ben\u00f6tigt werden, um den Zweck zu erf\u00fcllen, zu dem die Daten \u00fcbermittelt wurden oder so-lange dies von Gesetzes wegen vorgeschrieben ist.\n          <\/p>\n","protected":false},"excerpt":{"rendered":"<p>Datenschutz Elbe-Obst nutzt \u00fcbermittelte personenbezogene Daten nur, um auf Ihre Anfragen zu antworten und um Ihnen Informationen \u00fcber unser Leistungsangebot zukommen zu lassen. Wir geben Ihre Daten nicht an Dritte weiter. Personenbezogene Daten, die Sie uns \u00fcbermitteln, werden nur so lange gespeichert wie sie ben\u00f6tigt werden, um den Zweck zu erf\u00fcllen, zu dem die Daten [&hellip;]<\/p>\n","protected":false},"author":1,"featured_media":0,"parent":0,"menu_order":20,"comment_status":"closed","ping_status":"closed","template":"impressum.php","meta":{"_acf_changed":false,"footnotes":""},"class_list":["post-45","page","type-page","status-publish","hentry"],"acf":[],"aioseo_notices":[],"_links":{"self":[{"href":"https:\/\/www.red-prince.de\/eng\/wp-json\/wp\/v2\/pages\/45","targetHints":{"allow":["GET"]}}],"collection":[{"href":"https:\/\/www.red-prince.de\/eng\/wp-json\/wp\/v2\/pages"}],"about":[{"href":"https:\/\/www.red-prince.de\/eng\/wp-json\/wp\/v2\/types\/page"}],"author":[{"embeddable":true,"href":"https:\/\/www.red-prince.de\/eng\/wp-json\/wp\/v2\/users\/1"}],"replies":[{"embeddable":true,"href":"https:\/\/www.red-prince.de\/eng\/wp-json\/wp\/v2\/comments?post=45"}],"version-history":[{"count":0,"href":"https:\/\/www.red-prince.de\/eng\/wp-json\/wp\/v2\/pages\/45\/revisions"}],"wp:attachment":[{"href":"https:\/\/www.red-prince.de\/eng\/wp-json\/wp\/v2\/media?parent=45"}],"curies":[{"name":"wp","href":"https:\/\/api.w.org\/{rel}","templated":true}]}}