{"id":66,"date":"2017-01-09T15:54:19","date_gmt":"2017-01-09T14:54:19","guid":{"rendered":"http:\/\/www.butterfisch-werbeagentur.de\/_test\/wordpress_redprince\/?page_id=2"},"modified":"2017-01-09T15:54:19","modified_gmt":"2017-01-09T14:54:19","slug":"impressum","status":"publish","type":"page","link":"https:\/\/www.red-prince.de\/taiwan\/impressum\/","title":{"rendered":"Impressum"},"content":{"rendered":"<h1 class=\"intro impressum\">Impressum<\/h1>\n<p><strong>Elbe-Obst Erzeugerorganisation r.V.<\/strong><br \/>\nBassenflether Chaussee 4b<br \/>\n21723 Hollern-Twielenfleth<\/p>\n<p>Tel. +49(0)4141 &#8211; 9531 &#8211; 850<br \/>\nFax +49(0)4141 &#8211; 9531 &#8211; 950<\/p>\n<p>E-mail: info@elbe-obst.de<br \/>\nInternet: www.elbe-obst.de<\/p>\n<p>1. Vorsitzender: Hans-Herbert zum Felde<br \/>\n2. Vorsitzender: Axel Schuback<br \/>\nGesch\u00e4ftsf\u00fchrer: Stefan Moje<\/p>\n<p>Handelsregister Tostedt<\/p>\n<p>Register Nr. 100077<br \/>\nUst-IdentNr. DE 116 472 824<br \/>\nSt-Nr. 43 209 05 007<br \/>\nKreissparkasse Stade<br \/>\nKto.-Nr. 101 006<br \/>\nBLZ 241 511 16<\/p>\n<p><strong>Haftungsausschluss<\/strong><br \/>\nDie Informationen auf dieser Website wurden sorgf\u00e4ltig gepr\u00fcft und werden regelm\u00e4\u00dfig erneuert oder erg\u00e4nzt. Jedoch kann keine Haftung oder Garantie daf\u00fcr \u00fcbernommen werden, dass alle An-gaben zu jeder Zeit vollst\u00e4ndig, richtig und in letzter Aktualit\u00e4t dargestellt sind. Dies gilt insbesondere f\u00fcr alle Links zu anderen Websites, auf die direkt oder indirekt verwiesen wird. Alle Angaben k\u00f6nnen ohne Ank\u00fcndigung abge\u00e4ndert, erg\u00e4nzt oder ganz entfernt werden. Weder die Ver\u00f6ffentlichung noch ihr Inhalt d\u00fcrfen ohne die vorherige ausdr\u00fcckliche Genehmigung von Elbe-Obst auf irgendeine Art genutzt, ver\u00e4ndert oder an Dritte \u00fcbermittelt werden. Alle Rechte vorbehalten. Alle Angaben ohne Gew\u00e4hr.<\/p>\n<p><strong>Konzeption &amp; Webdesign:<\/strong><br \/>\n<a class=\"datenschutz\" title=\"butterfisch werbeagentur - Hamburg\" href=\"http:\/\/www.butterfisch-werbeagentur.de\" target=\"_blank\">www.butterfisch-werbeagentur.de<\/a><\/p>\n","protected":false},"excerpt":{"rendered":"<p>Impressum Elbe-Obst Erzeugerorganisation r.V. Bassenflether Chaussee 4b 21723 Hollern-Twielenfleth Tel. +49(0)4141 &#8211; 9531 &#8211; 850 Fax +49(0)4141 &#8211; 9531 &#8211; 950 E-mail: info@elbe-obst.de Internet: www.elbe-obst.de 1. Vorsitzender: Hans-Herbert zum Felde 2. Vorsitzender: Axel Schuback Gesch\u00e4ftsf\u00fchrer: Stefan Moje Handelsregister Tostedt Register Nr. 100077 Ust-IdentNr. DE 116 472 824 St-Nr. 43 209 05 007 Kreissparkasse Stade Kto.-Nr. [&hellip;]<\/p>\n","protected":false},"author":1,"featured_media":0,"parent":0,"menu_order":10,"comment_status":"closed","ping_status":"closed","template":"impressum.php","meta":{"_acf_changed":false,"footnotes":""},"class_list":["post-66","page","type-page","status-publish","hentry"],"acf":[],"aioseo_notices":[],"_links":{"self":[{"href":"https:\/\/www.red-prince.de\/taiwan\/wp-json\/wp\/v2\/pages\/66","targetHints":{"allow":["GET"]}}],"collection":[{"href":"https:\/\/www.red-prince.de\/taiwan\/wp-json\/wp\/v2\/pages"}],"about":[{"href":"https:\/\/www.red-prince.de\/taiwan\/wp-json\/wp\/v2\/types\/page"}],"author":[{"embeddable":true,"href":"https:\/\/www.red-prince.de\/taiwan\/wp-json\/wp\/v2\/users\/1"}],"replies":[{"embeddable":true,"href":"https:\/\/www.red-prince.de\/taiwan\/wp-json\/wp\/v2\/comments?post=66"}],"version-history":[{"count":0,"href":"https:\/\/www.red-prince.de\/taiwan\/wp-json\/wp\/v2\/pages\/66\/revisions"}],"wp:attachment":[{"href":"https:\/\/www.red-prince.de\/taiwan\/wp-json\/wp\/v2\/media?parent=66"}],"curies":[{"name":"wp","href":"https:\/\/api.w.org\/{rel}","templated":true}]}}